{"id":29014,"date":"2026-03-06T14:30:53","date_gmt":"2026-03-06T12:30:53","guid":{"rendered":"https:\/\/www.decus.ee\/uslugi\/aparaadihooldused\/"},"modified":"2026-03-06T14:44:23","modified_gmt":"2026-03-06T12:44:23","slug":"apparatnye-procedury","status":"publish","type":"page","link":"https:\/\/www.decus.ee\/ru\/uslugi\/apparatnye-procedury\/","title":{"rendered":"\u0410\u043f\u043f\u0430\u0440\u0430\u0442\u043d\u044b\u0435 \u043f\u0440\u043e\u0446\u0435\u0434\u0443\u0440\u044b"},"content":{"rendered":"\n<p class=\"has-text-align-center wp-el\">Sissejuhatav tekst siia<\/p>\n\n\n<div id=\"acf-block_94f70a516c03cb58db7be49194955398\" class=\"acf-block-element block-imgboxes\"><div class=\"row row-grid justify-content-center grid-imgboxes\"><div class=\"col-12 col-md-6 col-lg-4\"><a href=\"https:\/\/www.decus.ee\/teenus\/laserravi\/akneravi\/\" class=\"d-block white-box text-center position-relative h-100\" target=\"\"><div class=\"wp-block-image is-style-rounded\"><figure><img decoding=\"async\" alt=\"logo\" src=\"https:\/\/www.decus.ee\/wp-content\/uploads\/fly-images\/3773\/Decus_akneravi_1-200x200-c.jpg\" width=\"200\" height=\"200\" \/><\/figure><\/div><div class=\"editor-content text-center\"><p class=\"h-font has-medium-font-size\">Akneravi<\/p><p class=\"text-gray\">Statistika j\u00e4rgi kannatab akne all 80% 12\u221225-aastasest ja 30% \u00fcle 25-aastastest inimestest. <\/p><\/div><\/a><\/div><div class=\"col-12 col-md-6 col-lg-4\"><a href=\"https:\/\/www.decus.ee\/teenus\/laserravi\/fotonoorendus\/\" class=\"d-block white-box text-center position-relative h-100\" target=\"\"><div class=\"wp-block-image is-style-rounded\"><figure><img decoding=\"async\" alt=\"logo\" src=\"https:\/\/www.decus.ee\/wp-content\/uploads\/fly-images\/3903\/Decus_Fotonoorendus_1-200x200-c.jpg\" width=\"200\" height=\"200\" \/><\/figure><\/div><div class=\"editor-content text-center\"><p class=\"h-font has-medium-font-size\">Fotonoorendus<\/p><p class=\"text-gray\">Fotonoorendus on efektiivne meetod vabanemaks k\u00f5ikidest naha fotovananemise tundem\u00e4rkidest ning muudab naha silmn\u00e4htavalt nooruslikumaks. <\/p><\/div><\/a><\/div><div class=\"col-12 col-md-6 col-lg-4\"><a href=\"https:\/\/www.decus.ee\/teenus\/laserravi\/kapillaaride-eemaldamine-kuperoosa-laserravi\/\" class=\"d-block white-box text-center position-relative h-100\" target=\"\"><div class=\"wp-block-image is-style-rounded\"><figure><img decoding=\"async\" alt=\"logo\" src=\"https:\/\/www.decus.ee\/wp-content\/uploads\/fly-images\/3899\/Decus_kuperroosa_2-200x200-c.jpg\" width=\"200\" height=\"200\" \/><\/figure><\/div><div class=\"editor-content text-center\"><p class=\"h-font has-medium-font-size\">Kapillaaride (kuperoosa) eemaldamine<\/p><p class=\"text-gray\">N\u00e4o punetus ehk n\u00e4htavad kapillaarid on \u00fcks levinumaid probleeme, mis klientidele muret teeb. Kosmetoloogias nimetatakse seda kuperoosaks.<\/p><\/div><\/a><\/div><div class=\"col-12 col-md-6 col-lg-4\"><a href=\"https:\/\/www.decus.ee\/teenus\/laserravi\/kuuneseene-ravi\/\" class=\"d-block white-box text-center position-relative h-100\" target=\"\"><div class=\"wp-block-image is-style-rounded\"><figure><img decoding=\"async\" alt=\"logo\" src=\"https:\/\/www.decus.ee\/wp-content\/uploads\/fly-images\/3890\/Decus_kuuuneseen_3-4-200x200-c.jpg\" width=\"200\" height=\"200\" \/><\/figure><\/div><div class=\"editor-content text-center\"><p class=\"h-font has-medium-font-size\">K\u00fc\u00fcneseene ravi<\/p><p class=\"text-gray\">Decus kliinik pakub t\u00f5eliselt revolutsioonilist lahendust \u00fche k\u00f5ige levinuma raskesti ravitava k\u00fc\u00fcnehaiguse \u2013 seenhaiguse (on\u00fchhom\u00fckoos \u2013 k\u00fc\u00fcneseen) ravimiseks.<\/p><\/div><\/a><\/div><div class=\"col-12 col-md-6 col-lg-4\"><a href=\"https:\/\/www.decus.ee\/teenus\/laserravi\/laserepilatsioon\/\" class=\"d-block white-box text-center position-relative h-100\" target=\"\"><div class=\"wp-block-image is-style-rounded\"><figure><img decoding=\"async\" alt=\"logo\" src=\"https:\/\/www.decus.ee\/wp-content\/uploads\/fly-images\/3801\/Decus_laserepilatsioon_2-200x200-c.jpg\" width=\"200\" height=\"200\" \/><\/figure><\/div><div class=\"editor-content text-center\"><p class=\"h-font has-medium-font-size\">Laserepilatsioon<\/p><p class=\"text-gray\">Laserepilatsiooni teostatakse meie kliinikus firma Alma Lasers (Iisrael) uusima s\u00fcsteemi Soprano Ice abil.<\/p><\/div><\/a><\/div><div class=\"col-12 col-md-6 col-lg-4\"><a href=\"https:\/\/www.decus.ee\/teenus\/laserravi\/laserlihvimine\/\" class=\"d-block white-box text-center position-relative h-100\" target=\"\"><div class=\"wp-block-image is-style-rounded\"><figure><img decoding=\"async\" alt=\"logo\" src=\"https:\/\/www.decus.ee\/wp-content\/uploads\/fly-images\/3778\/Decus_laserlihvimine_2-200x200-c.jpg\" width=\"200\" height=\"200\" \/><\/figure><\/div><div class=\"editor-content text-center\"><p class=\"h-font has-medium-font-size\">Laserlihvimine<\/p><p class=\"text-gray\">Fraktsiooniline laserlihvimine on meetod, mis v\u00f5imaldab naha reljeefi efektiivselt \u00fchtlustada ja toonust t\u00f5sta.<\/p><\/div><\/a><\/div><div class=\"col-12 col-md-6 col-lg-4\"><a href=\"https:\/\/www.decus.ee\/teenus\/laserravi\/lasernoorendus-clear-lift\/\" class=\"d-block white-box text-center position-relative h-100\" target=\"\"><div class=\"wp-block-image is-style-rounded\"><figure><img decoding=\"async\" alt=\"logo\" src=\"https:\/\/www.decus.ee\/wp-content\/uploads\/fly-images\/4037\/Decus_lasernoorendus_1-200x200-c.jpg\" width=\"200\" height=\"200\" \/><\/figure><\/div><div class=\"editor-content text-center\"><p class=\"h-font has-medium-font-size\">Lasernoorendus Clear Lift<\/p><p class=\"text-gray\">Lasernoorendust teostatakse meie kliinikus firma Alma Lasers (Iisrael) uusima s\u00fcsteemi ClearLift abil. <\/p><\/div><\/a><\/div><div class=\"col-12 col-md-6 col-lg-4\"><a href=\"https:\/\/www.decus.ee\/teenus\/laserravi\/nahahaigused\/\" class=\"d-block white-box text-center position-relative h-100\" target=\"\"><div class=\"wp-block-image is-style-rounded\"><figure><img decoding=\"async\" alt=\"logo\" src=\"https:\/\/www.decus.ee\/wp-content\/uploads\/fly-images\/3895\/Decus_nahahaigused-200x200-c.jpg\" width=\"200\" height=\"200\" \/><\/figure><\/div><div class=\"editor-content text-center\"><p class=\"h-font has-medium-font-size\">Nahahaigused<\/p><p class=\"text-gray\">Laserravi aitab leevendada mitmesuguste krooniliste nahahaiguste haigusn\u00e4hte ning v\u00e4hendab t\u00f5en\u00e4osust, et haigus \u00e4geneb.<\/p><\/div><\/a><\/div><div class=\"col-12 col-md-6 col-lg-4\"><a href=\"https:\/\/www.decus.ee\/teenus\/laserravi\/nahamoodustised\/\" class=\"d-block white-box text-center position-relative h-100\" target=\"\"><div class=\"wp-block-image is-style-rounded\"><figure><img decoding=\"async\" alt=\"logo\" src=\"https:\/\/www.decus.ee\/wp-content\/uploads\/fly-images\/3893\/Decus_Nahamoodustised_1-200x200-c.jpg\" width=\"200\" height=\"200\" \/><\/figure><\/div><div class=\"editor-content text-center\"><p class=\"h-font has-medium-font-size\">Nahamoodustised<\/p><p class=\"text-gray\">Laserravi abil on v\u00f5imalik esteetiliselt vabaneda mitmetest ebameeldivatest nahamoodustistest, millest tuntuimad on soolat\u00fc\u00fckad, papilloomid v\u00f5i ksantelasmid.<\/p><\/div><\/a><\/div><div class=\"col-12 col-md-6 col-lg-4\"><a href=\"https:\/\/www.decus.ee\/teenus\/laserravi\/nir-naha-pinguldamine\/\" class=\"d-block white-box text-center position-relative h-100\" target=\"\"><div class=\"wp-block-image is-style-rounded\"><figure><img decoding=\"async\" alt=\"logo\" src=\"https:\/\/www.decus.ee\/wp-content\/uploads\/fly-images\/4045\/Decus_NIR-naha-pinguldamine_1-200x200-c.jpg\" width=\"200\" height=\"200\" \/><\/figure><\/div><div class=\"editor-content text-center\"><p class=\"h-font has-medium-font-size\">NIR naha pinguldamine<\/p><p class=\"text-gray\">Selleks, et nahk j\u00e4\u00e4ks nooruslikult pringiks, pakume kaasaegset NIR Face infrapuna-tehnoloogiat.<\/p><\/div><\/a><\/div><div class=\"col-12 col-md-6 col-lg-4\"><a href=\"https:\/\/www.decus.ee\/teenus\/laserravi\/pigmendiravi\/\" class=\"d-block white-box text-center position-relative h-100\" target=\"\"><div class=\"wp-block-image is-style-rounded\"><figure><img decoding=\"async\" alt=\"logo\" src=\"https:\/\/www.decus.ee\/wp-content\/uploads\/fly-images\/3886\/Decus_Pigmendiravi_1-200x200-c.jpg\" width=\"200\" height=\"200\" \/><\/figure><\/div><div class=\"editor-content text-center\"><p class=\"h-font has-medium-font-size\">Pigmendiravi<\/p><p class=\"text-gray\">Decus kliinikus vabaned pigmendilaikude defektidest juba p\u00e4rast esimest k\u00fclastust. <\/p><\/div><\/a><\/div><div class=\"col-12 col-md-6 col-lg-4\"><a href=\"https:\/\/www.decus.ee\/teenus\/laserravi\/tatoveeringu-eemaldus\/\" class=\"d-block white-box text-center position-relative h-100\" target=\"\"><div class=\"wp-block-image is-style-rounded\"><figure><img decoding=\"async\" alt=\"logo\" src=\"https:\/\/www.decus.ee\/wp-content\/uploads\/fly-images\/3906\/Decus_Tatoveeringu-eemaldamine_2-200x200-c.jpg\" width=\"200\" height=\"200\" \/><\/figure><\/div><div class=\"editor-content text-center\"><p class=\"h-font has-medium-font-size\">T\u00e4toveeringu eemaldus<\/p><p class=\"text-gray\">T\u00e4toveering, mida sa enam ei soovi, v\u00f5ib p\u00f5hjustada palju meeleh\u00e4rmi.<\/p><\/div><\/a><\/div><\/div><\/div>\n\n<div id=\"acf-block_17a10696972da06ff13774b752490caa\" class=\"wp-block-buttons block-buttons is-content-justification-center\"><div class=\"wp-block-button\"><a href=\"#\" class=\"wp-block-button__link convertful-popup-ru\" target=\"\">K\u00fcsi lisainfot<\/a><\/div><\/div>","protected":false},"excerpt":{"rendered":"<p>Sissejuhatav tekst siia<\/p>\n","protected":false},"author":8,"featured_media":0,"parent":3871,"menu_order":8,"comment_status":"closed","ping_status":"closed","template":"","meta":{"_acf_changed":false,"footnotes":""},"class_list":["post-29014","page","type-page","status-publish","hentry"],"acf":[],"_links":{"self":[{"href":"https:\/\/www.decus.ee\/ru\/wp-json\/wp\/v2\/pages\/29014","targetHints":{"allow":["GET"]}}],"collection":[{"href":"https:\/\/www.decus.ee\/ru\/wp-json\/wp\/v2\/pages"}],"about":[{"href":"https:\/\/www.decus.ee\/ru\/wp-json\/wp\/v2\/types\/page"}],"author":[{"embeddable":true,"href":"https:\/\/www.decus.ee\/ru\/wp-json\/wp\/v2\/users\/8"}],"replies":[{"embeddable":true,"href":"https:\/\/www.decus.ee\/ru\/wp-json\/wp\/v2\/comments?post=29014"}],"version-history":[{"count":2,"href":"https:\/\/www.decus.ee\/ru\/wp-json\/wp\/v2\/pages\/29014\/revisions"}],"predecessor-version":[{"id":29028,"href":"https:\/\/www.decus.ee\/ru\/wp-json\/wp\/v2\/pages\/29014\/revisions\/29028"}],"up":[{"embeddable":true,"href":"https:\/\/www.decus.ee\/ru\/wp-json\/wp\/v2\/pages\/3871"}],"wp:attachment":[{"href":"https:\/\/www.decus.ee\/ru\/wp-json\/wp\/v2\/media?parent=29014"}],"curies":[{"name":"wp","href":"https:\/\/api.w.org\/{rel}","templated":true}]}}