{"id":3293,"date":"2021-09-24T10:01:58","date_gmt":"2021-09-24T07:01:58","guid":{"rendered":"https:\/\/www.decus.ee\/rf-lifting\/"},"modified":"2022-01-12T13:36:41","modified_gmt":"2022-01-12T11:36:41","slug":"rf-lifting","status":"publish","type":"page","link":"https:\/\/www.decus.ee\/ru\/uslugi\/uslugi-krasoty\/rf-lifting\/","title":{"rendered":"RF-\u043b\u0438\u0444\u0442\u0438\u043d\u0433"},"content":{"rendered":"<div id=\"acf-block_614319f1eefa1\" class=\"acf-block-element block-bgcontainer w-max mask-secondary bg-gradient-dl position-relative\"><div class=\"block-inner\"><div class=\"container\">\n<div id=\"protseduur\" class=\"acf-block-element block-txtmedia\"><div class=\"row row-grid\"><div class=\"col-12 col-lg-5 offset-lg-1 order-lg-1 col-content align-self-center\"><div class=\"col-content--inner\">\n\n<h2 class=\"wp-el wp-block-heading\">\u041f\u0440\u043e\u0446\u0435\u0434\u0443\u0440\u0430<\/h2>\n\n\n\n<p class=\"wp-el\">RF-\u043b\u0438\u0444\u0442\u0438\u043d\u0433 &#8212; \u044d\u0442\u043e \u043d\u0435\u0438\u043d\u0432\u0430\u0437\u0438\u0432\u043d\u0430\u044f \u043f\u043e\u0434\u0442\u044f\u0436\u043a\u0430 \u043a\u043e\u0436\u0438, \u043e\u0441\u043d\u043e\u0432\u0430\u043d\u043d\u0430\u044f \u043d\u0430 \u0440\u0430\u0434\u0438\u043e\u0432\u043e\u043b\u043d\u043e\u0432\u043e\u043c \u043c\u0435\u0442\u043e\u0434\u0435 \u0440\u0430\u0437\u043e\u0433\u0440\u0435\u0432\u0430 \u0433\u043b\u0443\u0431\u043e\u043a\u0438\u0445 \u0441\u043b\u043e\u0435\u0432 \u043a\u043e\u0436\u0438 \u043f\u043e\u0434 \u044d\u043f\u0438\u0434\u0435\u0440\u043c\u0438\u0441\u043e\u043c.<\/p>\n\n\n\n<p class=\"wp-el\">\u0421\u0443\u0442\u044c \u043c\u0435\u0442\u043e\u0434\u0430 \u0437\u0430\u043a\u043b\u044e\u0447\u0430\u0435\u0442\u0441\u044f \u0432 \u0442\u043e\u0447\u0435\u0447\u043d\u043e\u043c \u0432\u043e\u0437\u0434\u0435\u0439\u0441\u0442\u0432\u0438\u0438 \u0440\u0430\u0434\u0438\u043e\u0432\u043e\u043b\u043d \u043d\u0430 \u043d\u0430\u0438\u0431\u043e\u043b\u0435\u0435 \u0443\u044f\u0437\u0432\u0438\u043c\u044b\u0435 \u0437\u043e\u043d\u044b:&nbsp;\u043b\u0438\u0446\u043e, \u0448\u0435\u044f, \u0436\u0438\u0432\u043e\u0442, \u0432\u043d\u0443\u0442\u0440\u0435\u043d\u043d\u044f\u044f \u043f\u043e\u0432\u0435\u0440\u0445\u043d\u043e\u0441\u0442\u044c \u0431\u0435\u0434\u0435\u0440, \u0431\u043e\u043a\u0430.<\/p>\n\n\n\n<p class=\"wp-el\">\u0412 \u0440\u0435\u0437\u0443\u043b\u044c\u0442\u0430\u0442\u0435 \u0433\u043b\u0443\u0431\u043e\u043a\u043e\u0433\u043e \u0440\u0430\u0437\u043e\u0433\u0440\u0435\u0432\u0430 \u0434\u043e \u0440\u0430\u0437\u043b\u0438\u0447\u043d\u044b\u0445 \u0442\u0435\u043c\u043f\u0435\u0440\u0430\u0442\u0443\u0440 (\u0432 \u0437\u0430\u0432\u0438\u0441\u0438\u043c\u043e\u0441\u0442\u0438 \u043e\u0442 \u0437\u043e\u043d\u044b \u0438 \u0447\u0443\u0432\u0441\u0442\u0432\u0438\u0442\u0435\u043b\u044c\u043d\u043e\u0441\u0442\u0438 \u043a\u043e\u0436\u0438) \u0436\u0438\u0440\u043e\u0432\u043e\u0439 \u043f\u043e\u0434\u0441\u043b\u043e\u0439 \u0438\u0441\u0442\u043e\u043d\u0447\u0430\u0435\u0442\u0441\u044f, \u0441\u043e\u0441\u0443\u0434\u044b \u0440\u0435\u0444\u043b\u0435\u043a\u0442\u043e\u0440\u043d\u043e \u0440\u0430\u0441\u0448\u0438\u0440\u044f\u044e\u0442\u0441\u044f, \u0430 \u0441 \u0443\u0441\u043a\u043e\u0440\u0435\u043d\u0438\u0435\u043c \u0442\u043e\u043a\u0430 \u043a\u0440\u043e\u0432\u0438 \u0443\u0441\u043a\u043e\u0440\u044f\u0435\u0442\u0441\u044f \u043e\u0431\u043c\u0435\u043d \u0432\u0435\u0449\u0435\u0441\u0442\u0432 \u0432 \u043a\u043e\u0436\u0435. \u041d\u043e \u0433\u043b\u0430\u0432\u043d\u043e\u0435 \u2013 \u044d\u0442\u043e \u043f\u0440\u0435\u0432\u0440\u0430\u0449\u0435\u043d\u0438\u044f, \u043a\u043e\u0442\u043e\u0440\u044b\u0435 \u043f\u0440\u043e\u0438\u0441\u0445\u043e\u0434\u044f\u0442 \u0441 \u043a\u043e\u043b\u043b\u0430\u0433\u0435\u043d\u043e\u043c: \u043e\u043d \u043c\u0435\u043d\u044f\u0435\u0442 \u0441\u0442\u0440\u0443\u043a\u0442\u0443\u0440\u0443 \u2013 \u0434\u043b\u0438\u043d\u043d\u044b\u0435 \u0440\u0430\u0441\u0442\u044f\u043d\u0443\u0442\u044b\u0435 \u0432\u043e\u043b\u043e\u043a\u043d\u0430, \u0441\u043e\u0435\u0434\u0438\u043d\u044f\u044e\u0449\u0438\u0435 \u0434\u0435\u0440\u043c\u0443 \u0438 \u044d\u043f\u0438\u0434\u0435\u0440\u043c\u0438\u0441, \u0441\u043e\u043a\u0440\u0430\u0449\u0430\u044e\u0442\u0441\u044f, \u0438 \u043a\u043e\u0436\u0430 \u0432\u043d\u043e\u0432\u044c \u043e\u0431\u0440\u0435\u0442\u0430\u0435\u0442 \u0443\u043f\u0440\u0443\u0433\u043e\u0441\u0442\u044c \u0438 \u044d\u043b\u0430\u0441\u0442\u0438\u0447\u043d\u043e\u0441\u0442\u044c. \u0427\u0435\u0440\u0435\u0437 21 \u0434\u0435\u043d\u044c \u043d\u0430\u0447\u0438\u043d\u0430\u0435\u0442 \u0438\u043d\u0442\u0435\u043d\u0441\u0438\u0432\u043d\u043e \u0432\u044b\u0440\u0430\u0431\u0430\u0442\u044b\u0432\u0430\u0442\u044c\u0441\u044f \u043d\u043e\u0432\u044b\u0439 \u043a\u043e\u043b\u043b\u0430\u0433\u0435\u043d, \u043e\u0431\u0435\u0441\u043f\u0435\u0447\u0438\u0432\u0430\u044f \u0434\u043b\u0438\u0442\u0435\u043b\u044c\u043d\u044b\u0439 \u044d\u0444\u0444\u0435\u043a\u0442.<\/p>\n\n\n\n<p class=\"wp-el\">\u0412 \u0440\u0435\u0437\u0443\u043b\u044c\u0442\u0430\u0442\u0435 \u0437\u0430\u043c\u0435\u0442\u043d\u043e \u043f\u043e\u0434\u0442\u044f\u0433\u0438\u0432\u0430\u044e\u0442\u0441\u044f \u00ab\u0431\u0440\u044b\u043b\u0438\u00bb, \u043f\u0440\u0438\u043f\u043e\u0434\u043d\u0438\u043c\u0430\u044e\u0442\u0441\u044f \u0431\u0440\u043e\u0432\u0438, \u043d\u043e\u0441\u043e\u0433\u0443\u0431\u043d\u044b\u0435 \u0441\u043a\u043b\u0430\u0434\u043a\u0438 \u0441\u0442\u0430\u043d\u043e\u0432\u044f\u0442\u0441\u044f \u043c\u0435\u043d\u0435\u0435 \u0432\u044b\u0440\u0430\u0436\u0435\u043d\u044b, \u0448\u0440\u0430\u043c\u044b \u043e\u0442 \u0430\u043a\u043d\u0435 \u0438 \u0440\u0430\u0441\u0442\u044f\u0436\u043a\u0438 \u0440\u0430\u0437\u0433\u043b\u0430\u0436\u0438\u0432\u0430\u044e\u0442\u0441\u044f, \u0443\u043c\u0435\u043d\u044c\u0448\u0430\u044e\u0442\u0441\u044f. \u041f\u0440\u043e\u043f\u0430\u0434\u0430\u0435\u0442 \u044d\u0444\u0444\u0435\u043a\u0442 \u0430\u043f\u0435\u043b\u044c\u0441\u0438\u043d\u043e\u0432\u043e\u0439 \u043a\u043e\u0440\u043a\u0438. \u041a\u043e\u0436\u0430 \u0441\u0442\u0430\u043d\u043e\u0432\u0438\u0442\u0441\u044f \u0431\u043e\u043b\u0435\u0435 \u0443\u043f\u0440\u0443\u0433\u043e\u0439 \u043d\u0430 \u043e\u0449\u0443\u043f\u044c, \u0432\u044b\u0440\u0430\u0432\u043d\u0438\u0432\u0430\u0435\u0442\u0441\u044f \u0446\u0432\u0435\u0442 \u043b\u0438\u0446\u0430.<\/p>\n\n\n\n<p class=\"wp-el\"><\/p>\n\n\n\n<p class=\"wp-el\">\u041f\u0440\u043e\u0446\u0435\u0434\u0443\u0440\u0430 \u0434\u043b\u0438\u0442\u0441\u044f \u043e\u0442 1 \u0434\u043e 1,5 \u0447\u0430\u0441\u043e\u0432, \u0430 \u0440\u0435\u0437\u0443\u043b\u044c\u0442\u0430\u0442\u044b \u0432\u0438\u0434\u043d\u044b \u0434\u043e 2 \u043b\u0435\u0442.<\/p>\n\n\n<div id=\"acf-block_61debd1197360\" class=\"wp-block-buttons block-buttons\"><div class=\"wp-block-button\"><a href=\"https:\/\/online.saloninfra.ee\/decus?booking=new&#038;category=2104\" class=\"wp-block-button__link appointment-popup-ru\" target=\"\" rel=\"nofollow noopener\">\u0417\u0430\u0431\u0440\u043e\u043d\u0438\u0440\u043e\u0432\u0430\u0442\u044c \u0432\u0440\u0435\u043c\u044f<\/a><\/div><\/div>\n<\/div><\/div><div class=\"col-12 col-lg-6 col-media align-self-center\"><div class=\"col-media--inner type_img media-slider position-relative\"><span class=\"block-decal position-absolute\"><\/span><div class=\"swiper\"><div class=\"swiper-wrapper\"><div class=\"swiper-slide\"><div class=\"wp-block-image is-style-rounded\"><figure><a href=\"https:\/\/www.decus.ee\/wp-content\/uploads\/2021\/10\/Decus_RF-lifting_2-1200x1200.jpg\" data-fancybox=\"gallery-protseduur\"><img decoding=\"async\" width=\"570\" height=\"570\" src=\"https:\/\/www.decus.ee\/wp-content\/uploads\/fly-images\/4111\/Decus_RF-lifting_2-570x570-c.jpg\" class=\"attachment-img-570\" alt=\"Decus_RF-lifting_2\" \/><\/a><\/figure><\/div><\/div><div class=\"swiper-slide\"><div class=\"wp-block-image is-style-rounded\"><figure><a href=\"https:\/\/www.decus.ee\/wp-content\/uploads\/2021\/10\/Decus_RF-lifting_3-1200x1200.jpg\" data-fancybox=\"gallery-protseduur\"><img decoding=\"async\" width=\"570\" height=\"570\" src=\"https:\/\/www.decus.ee\/wp-content\/uploads\/fly-images\/4112\/Decus_RF-lifting_3-570x570-c.jpg\" class=\"attachment-img-570\" alt=\"Decus_RF-lifting_3\" \/><\/a><\/figure><\/div><\/div><\/div><div class=\"swiper-button-prev\"><svg xmlns=\"http:\/\/www.w3.org\/2000\/svg\" width=\"21\" height=\"17.075\" viewBox=\"0 0 21 17.075\"><path d=\"M19.167,7.2H2.542L8.908,1.379A.778.778,0,0,0,8.937.248.858.858,0,0,0,7.758.221L.488,6.869A1.555,1.555,0,0,0,.5,9.145l7.256,6.634a.858.858,0,0,0,1.178-.028.777.777,0,0,0-.029-1.131L2.516,8.8H19.167a.8.8,0,1,0,0-1.6Z\" transform=\"translate(0.5 0.575)\" fill=\"#353535\" stroke=\"rgba(0,0,0,0)\" stroke-width=\"1\"\/><\/svg><\/div><div class=\"swiper-button-next\"><svg xmlns=\"http:\/\/www.w3.org\/2000\/svg\" width=\"21\" height=\"17.075\" viewBox=\"0 0 21 17.075\"><path d=\"M.833,7.2H17.458L11.092,1.379A.778.778,0,0,1,11.063.248.858.858,0,0,1,12.242.221l7.27,6.648A1.555,1.555,0,0,1,19.5,9.145l-7.256,6.634a.858.858,0,0,1-1.178-.028.777.777,0,0,1,.029-1.131L17.484,8.8H.833a.8.8,0,1,1,0-1.6Z\" transform=\"translate(0.5 0.575)\" fill=\"#353535\" stroke=\"rgba(0,0,0,0)\" stroke-width=\"1\"\/><\/svg><\/div><\/div><\/div><\/div><\/div><\/div>\n<\/div><span class=\"position-absolute block-decal decal-flower-left\"><\/span><span class=\"position-absolute block-decal decal-circle-right decal-lg decal-v-bot\"><\/span><\/div><\/div>\n\n<div id=\"acf-block_614327eeeefa3\" class=\"acf-block-element block-bgcontainer w-max mask-secondary bg-gradient-dl position-relative\"><div class=\"block-inner\"><div class=\"container\">\n\n<h2 class=\"has-text-align-center wp-el wp-block-heading\">\u041e\u0442\u0437\u044b\u0432\u044b \u043a\u043b\u0438\u0435\u043d\u0442\u043e\u0432<\/h2>\n\n\n\n<p class=\"has-text-align-center wp-el\">\u0427\u0438\u0442\u0430\u0439\u0442\u0435 \u043f\u043e\u0434\u0440\u043e\u0431\u043d\u0435\u0435, \u0447\u0442\u043e \u0434\u0443\u043c\u0430\u044e\u0442 \u043a\u043b\u0438\u0435\u043d\u0442\u044b \u043e\u0431 \u0443\u0441\u043b\u0443\u0433\u0435.<\/p>\n\n\n<div id=\"acf-block_61432844eefa4\" class=\"acf-block-element block-testimonials position-relative\"><svg class=\"position-absolute block-icon\" xmlns=\"http:\/\/www.w3.org\/2000\/svg\" width=\"50\" height=\"45\" viewBox=\"0 0 50 45\"><g id=\"quotation\" transform=\"translate(0 0)\"><path d=\"M0,25.46H13.086v4.253a4.2,4.2,0,0,1-3.955,4.407H4.1V45H9.131c7.566,0,13.721-6.858,13.721-15.287V0H0Zm0,0\"\/><path d=\"M278,0V25.46h13.086v4.253a4.2,4.2,0,0,1-3.955,4.407H282.1V45h5.029c7.566,0,13.721-6.858,13.721-15.287V0Zm0,0\" transform=\"translate(-250.852)\"\/><\/g><\/svg><div class=\"swiper\"><div class=\"swiper-wrapper\"><div class=\"swiper-slide\"><div id=\"testimonial-3342\" class=\"testimonial-item text-center\"><div class=\"editor-content\"><p>\u041e\u0441\u043e\u0431\u0435\u043d\u043d\u043e \u043f\u043e\u043d\u0440\u0430\u0432\u0438\u043b\u0441\u044f \u0440\u0435\u0437\u0443\u043b\u044c\u0442\u0430\u0442 \u043f\u0440\u043e\u0446\u0435\u0434\u0443\u0440\u044b, \u0430 \u0442\u0430\u043a\u0436\u0435 \u043e\u0442\u043b\u0438\u0447\u043d\u043e\u0435 \u043e\u0431\u0449\u0435\u043d\u0438\u0435 \u0441 \u043a\u043b\u0438\u0435\u043d\u0442\u043e\u043c. \u0410\u0434\u043c\u0438\u043d\u0438\u0441\u0442\u0440\u0430\u0442\u043e\u0440 \u0431\u044b\u043b \u043e\u0447\u0435\u043d\u044c \u043f\u0440\u0438\u044f\u0442\u043d\u044b\u043c \u0438 \u044d\u0444\u0444\u0435\u043a\u0442\u0438\u0432\u043d\u044b\u043c, \u0434\u043e\u043a\u0442\u043e\u0440 \u0431\u044b\u043b \u0442\u0449\u0430\u0442\u0435\u043b\u044c\u043d\u044b\u043c \u0438 \u0441\u0434\u0435\u0440\u0436\u0430\u043d\u043d\u044b\u043c. \u041f\u0440\u043e\u0446\u0435\u0434\u0443\u0440\u0430 \u043f\u0440\u043e\u0448\u043b\u0430 \u0433\u043b\u0430\u0434\u043a\u043e \u0438 \u043f\u0440\u0438\u044f\u0442\u043d\u043e. \u0421\u043f\u0430\u0441\u0438\u0431\u043e.<\/p>\n<\/div><p class=\"has-medium-font-size h-font\">Evelyn Villers<\/p><div class=\"d-flex flex-wrap align-items-center justify-content-center testimonial-rating\"><svg xmlns=\"http:\/\/www.w3.org\/2000\/svg\" width=\"24\" height=\"24\" viewBox=\"0 0 24 24\"><path d=\"M12 .587l3.668 7.568 8.332 1.151-6.064 5.828 1.48 8.279-7.416-3.967-7.417 3.967 1.481-8.279-6.064-5.828 8.332-1.151z\"\/><\/svg><svg xmlns=\"http:\/\/www.w3.org\/2000\/svg\" width=\"24\" height=\"24\" viewBox=\"0 0 24 24\"><path d=\"M12 .587l3.668 7.568 8.332 1.151-6.064 5.828 1.48 8.279-7.416-3.967-7.417 3.967 1.481-8.279-6.064-5.828 8.332-1.151z\"\/><\/svg><svg xmlns=\"http:\/\/www.w3.org\/2000\/svg\" width=\"24\" height=\"24\" viewBox=\"0 0 24 24\"><path d=\"M12 .587l3.668 7.568 8.332 1.151-6.064 5.828 1.48 8.279-7.416-3.967-7.417 3.967 1.481-8.279-6.064-5.828 8.332-1.151z\"\/><\/svg><svg xmlns=\"http:\/\/www.w3.org\/2000\/svg\" width=\"24\" height=\"24\" viewBox=\"0 0 24 24\"><path d=\"M12 .587l3.668 7.568 8.332 1.151-6.064 5.828 1.48 8.279-7.416-3.967-7.417 3.967 1.481-8.279-6.064-5.828 8.332-1.151z\"\/><\/svg><svg xmlns=\"http:\/\/www.w3.org\/2000\/svg\" width=\"24\" height=\"24\" viewBox=\"0 0 24 24\"><path d=\"M12 .587l3.668 7.568 8.332 1.151-6.064 5.828 1.48 8.279-7.416-3.967-7.417 3.967 1.481-8.279-6.064-5.828 8.332-1.151z\"\/><\/svg><\/div><\/div><\/div><div class=\"swiper-slide\"><div id=\"testimonial-3345\" class=\"testimonial-item text-center\"><div class=\"editor-content\"><p>Meeldis juba vastuv\u00f5tt sisenedes. V\u00e4ga soe ja s\u00fcmpaatne \u00f5hkkond. Olin Teie kliinikus esimest korda.<\/p>\n<\/div><p class=\"has-medium-font-size h-font\">Pille Uibo<\/p><div class=\"d-flex flex-wrap align-items-center justify-content-center testimonial-rating\"><svg xmlns=\"http:\/\/www.w3.org\/2000\/svg\" width=\"24\" height=\"24\" viewBox=\"0 0 24 24\"><path d=\"M12 .587l3.668 7.568 8.332 1.151-6.064 5.828 1.48 8.279-7.416-3.967-7.417 3.967 1.481-8.279-6.064-5.828 8.332-1.151z\"\/><\/svg><svg xmlns=\"http:\/\/www.w3.org\/2000\/svg\" width=\"24\" height=\"24\" viewBox=\"0 0 24 24\"><path d=\"M12 .587l3.668 7.568 8.332 1.151-6.064 5.828 1.48 8.279-7.416-3.967-7.417 3.967 1.481-8.279-6.064-5.828 8.332-1.151z\"\/><\/svg><svg xmlns=\"http:\/\/www.w3.org\/2000\/svg\" width=\"24\" height=\"24\" viewBox=\"0 0 24 24\"><path d=\"M12 .587l3.668 7.568 8.332 1.151-6.064 5.828 1.48 8.279-7.416-3.967-7.417 3.967 1.481-8.279-6.064-5.828 8.332-1.151z\"\/><\/svg><svg xmlns=\"http:\/\/www.w3.org\/2000\/svg\" width=\"24\" height=\"24\" viewBox=\"0 0 24 24\"><path d=\"M12 .587l3.668 7.568 8.332 1.151-6.064 5.828 1.48 8.279-7.416-3.967-7.417 3.967 1.481-8.279-6.064-5.828 8.332-1.151z\"\/><\/svg><svg xmlns=\"http:\/\/www.w3.org\/2000\/svg\" width=\"24\" height=\"24\" viewBox=\"0 0 24 24\"><path d=\"M12 .587l3.668 7.568 8.332 1.151-6.064 5.828 1.48 8.279-7.416-3.967-7.417 3.967 1.481-8.279-6.064-5.828 8.332-1.151z\"\/><\/svg><\/div><\/div><\/div><div class=\"swiper-slide\"><div id=\"testimonial-3346\" class=\"testimonial-item text-center\"><div class=\"editor-content\"><p>Olen positiivselt \u00fcllatunud,soe ja p\u00f5hjalik suhtlemine ja teenindus. <\/p>\n<\/div><p class=\"has-medium-font-size h-font\">Moonika<\/p><div class=\"d-flex flex-wrap align-items-center justify-content-center testimonial-rating\"><svg xmlns=\"http:\/\/www.w3.org\/2000\/svg\" width=\"24\" height=\"24\" viewBox=\"0 0 24 24\"><path d=\"M12 .587l3.668 7.568 8.332 1.151-6.064 5.828 1.48 8.279-7.416-3.967-7.417 3.967 1.481-8.279-6.064-5.828 8.332-1.151z\"\/><\/svg><svg xmlns=\"http:\/\/www.w3.org\/2000\/svg\" width=\"24\" height=\"24\" viewBox=\"0 0 24 24\"><path d=\"M12 .587l3.668 7.568 8.332 1.151-6.064 5.828 1.48 8.279-7.416-3.967-7.417 3.967 1.481-8.279-6.064-5.828 8.332-1.151z\"\/><\/svg><svg xmlns=\"http:\/\/www.w3.org\/2000\/svg\" width=\"24\" height=\"24\" viewBox=\"0 0 24 24\"><path d=\"M12 .587l3.668 7.568 8.332 1.151-6.064 5.828 1.48 8.279-7.416-3.967-7.417 3.967 1.481-8.279-6.064-5.828 8.332-1.151z\"\/><\/svg><svg xmlns=\"http:\/\/www.w3.org\/2000\/svg\" width=\"24\" height=\"24\" viewBox=\"0 0 24 24\"><path d=\"M12 .587l3.668 7.568 8.332 1.151-6.064 5.828 1.48 8.279-7.416-3.967-7.417 3.967 1.481-8.279-6.064-5.828 8.332-1.151z\"\/><\/svg><svg xmlns=\"http:\/\/www.w3.org\/2000\/svg\" width=\"24\" height=\"24\" viewBox=\"0 0 24 24\"><path d=\"M12 .587l3.668 7.568 8.332 1.151-6.064 5.828 1.48 8.279-7.416-3.967-7.417 3.967 1.481-8.279-6.064-5.828 8.332-1.151z\"\/><\/svg><\/div><\/div><\/div><\/div><div class=\"swiper-end-controls\"><div class=\"swiper-button-prev\"><svg xmlns=\"http:\/\/www.w3.org\/2000\/svg\" width=\"21\" height=\"17.075\" viewBox=\"0 0 21 17.075\"><path d=\"M19.167,7.2H2.542L8.908,1.379A.778.778,0,0,0,8.937.248.858.858,0,0,0,7.758.221L.488,6.869A1.555,1.555,0,0,0,.5,9.145l7.256,6.634a.858.858,0,0,0,1.178-.028.777.777,0,0,0-.029-1.131L2.516,8.8H19.167a.8.8,0,1,0,0-1.6Z\" transform=\"translate(0.5 0.575)\" fill=\"#353535\" stroke=\"rgba(0,0,0,0)\" stroke-width=\"1\"\/><\/svg><\/div><div class=\"swiper-pagination\"><\/div><div class=\"swiper-button-next\"><svg xmlns=\"http:\/\/www.w3.org\/2000\/svg\" width=\"21\" height=\"17.075\" viewBox=\"0 0 21 17.075\"><path d=\"M.833,7.2H17.458L11.092,1.379A.778.778,0,0,1,11.063.248.858.858,0,0,1,12.242.221l7.27,6.648A1.555,1.555,0,0,1,19.5,9.145l-7.256,6.634a.858.858,0,0,1-1.178-.028.777.777,0,0,1,.029-1.131L17.484,8.8H.833a.8.8,0,1,1,0-1.6Z\" transform=\"translate(0.5 0.575)\" fill=\"#353535\" stroke=\"rgba(0,0,0,0)\" stroke-width=\"1\"\/><\/svg><\/div><\/div><\/div><\/div>\n<\/div><\/div><\/div>\n\n<div id=\"acf-block_61432943eefa5\" class=\"acf-block-element block-bgcontainer w-max mask-primary bg-gradient-dl b-extended position-relative\"><div class=\"block-inner\"><div class=\"container\">\n\n<h2 class=\"has-text-align-center wp-el wp-block-heading\">\u0426\u0435\u043d\u044b<\/h2>\n\n\n\n\n<div id=\"acf-block_61debd2897361\" class=\"wp-block-buttons block-buttons is-content-justification-center\"><div class=\"wp-block-button\"><a href=\"https:\/\/online.saloninfra.ee\/decus?booking=new&#038;category=2104\" class=\"wp-block-button__link appointment-popup-ru\" target=\"\" rel=\"nofollow noopener\">\u0417\u0430\u0431\u0440\u043e\u043d\u0438\u0440\u043e\u0432\u0430\u0442\u044c \u0432\u0440\u0435\u043c\u044f<\/a><\/div><\/div>\n<\/div><span class=\"position-absolute block-decal decal-flower-left\"><\/span><button aria-label=\"scroll to next element\" class=\"scroll-to-next d-flex align-items-center justify-content-center\" type=\"button\"><svg xmlns=\"http:\/\/www.w3.org\/2000\/svg\" width=\"26.667\" height=\"31.111\" viewBox=\"0 0 26.667 31.111\"><path d=\"M1.3,12h25.86l-9.9-9.7A1.36,1.36,0,0,1,17.21.414,1.272,1.272,0,0,1,19.043.368l11.309,11.08a2.719,2.719,0,0,1-.023,3.794L19.042,26.3a1.271,1.271,0,0,1-1.833-.046,1.36,1.36,0,0,1,.045-1.885l9.944-9.7H1.3A1.334,1.334,0,0,1,1.3,12Z\" transform=\"translate(26.667) rotate(90)\" fill=\"#fff\"\/><\/svg><\/button><\/div><\/div>\n\n<div id=\"kontakt\" class=\"acf-block-element block-bgcontainer e-contact w-max mask-primary bg-gradient-dl position-relative\"><div class=\"block-inner\"><div class=\"container\"><div class=\"acf-block-element block-txtmedia wp-block-acf-block-txtmedia\"><div class=\"row row-grid\"><div class=\"col-12 col-lg-5 offset-lg-1 order-lg-1 col-content align-self-center\"><div class=\"col-content--inner\"><h2 class=\"has-theme-primary-color has-text-color wp-el\">\u041c\u044b \u0436\u0434\u0435\u043c \u0412\u0430\u0441 \u0432 \u043a\u043b\u0438\u043d\u0438\u043a\u0435 \u043a\u0440\u0430\u0441\u043e\u0442\u044b Decus<\/h2><div class=\"editor-content\"><p>\u041c\u044b \u043d\u0430\u0445\u043e\u0434\u0438\u043c\u0441\u044f \u0432 \u0422\u0430\u043b\u043b\u0438\u043d\u043d\u0435, \u041c\u0443\u0441\u0442\u0430\u043c\u044f\u044d, \u043f\u043e \u0430\u0434\u0440\u0435\u0441\u0443 S\u00fctiste tee 19A.<\/p>\n<p>\u041c\u044b \u043e\u0442\u043a\u0440\u044b\u0442\u044b<\/p>\n<ul>\n<li>\u041f\u043e\u043d\u0435\u0434\u0435\u043b\u044c\u043d\u0438\u043a &#8212; \u041f\u044f\u0442\u043d\u0438\u0446\u0430 09.00 &#8212; 19.00<\/li>\n<li>\u0421\u0443\u0431\u0431\u043e\u0442\u0430 10.00 &#8212; 17.00<\/li>\n<li>\u0412\u043e\u0441\u043a\u0440\u0435\u0441\u0435\u043d\u044c\u0435 10.00 &#8212; 16.00<\/li>\n<\/ul>\n<p class=\"has-medium-font-size\"><a href=\"tel:+37251937000\">+372 5193 7000<\/a><br \/>\n<a href=\"mailto:info@decus.ee\">info@decus.ee<\/a><\/p>\n<p><i>\u041f\u0430\u0440\u043a\u043e\u0432\u043a\u0430 \u0434\u043b\u044f \u043d\u0430\u0448\u0438\u0445 \u043a\u043b\u0438\u0435\u043d\u0442\u043e\u0432 \u043d\u0430\u0445\u043e\u0434\u0438\u0442\u0441\u044f \u0441\u043b\u0435\u0432\u0430 \u043e\u0442 \u0437\u0434\u0430\u043d\u0438\u044f.<br \/>\n\u0412\u0445\u043e\u0434 \u0432 \u043a\u043b\u0438\u043d\u0438\u043a\u0443 \u043d\u0430\u0445\u043e\u0434\u0438\u0442\u0441\u044f \u0441 \u0437\u0430\u0434\u043d\u0435\u0439 \u0441\u0442\u043e\u0440\u043e\u043d\u044b \u0437\u0434\u0430\u043d\u0438\u044f.<\/i><\/p>\n<\/div><div class=\"wp-block-buttons block-buttons wp-block-acf-block-buttons\"><div class=\"wp-block-button\"><div class=\"wp-block-button\"><a href=\"https:\/\/online.saloninfra.ee\/decus?booking=new&#038;category=2104\" class=\"wp-block-button__link appointment-popup-ru\" target=\"_blank\" rel=\"nofollow noopener\">\u0417\u0430\u0431\u0440\u043e\u043d\u0438\u0440\u043e\u0432\u0430\u0442\u044c \u0432\u0440\u0435\u043c\u044f<\/a><\/div><\/div><div class=\"wp-block-button is-style-outline\"><button type=\"button\" class=\"wp-block-button__link convertful-popup-ru\">\u0417\u0430\u043f\u0440\u043e\u0441\u0438\u0442\u044c \u0438\u043d\u0444\u043e<\/button><\/div><\/div><\/div><\/div><div class=\"col-12 col-lg-6 col-media align-self-center\"><div class=\"col-media--inner type_img media-slider position-relative\"><div class=\"swiper\"><div class=\"swiper-wrapper\"><div class=\"swiper-slide\"><div class=\"wp-block-image is-style-rounded\"><figure><a href=\"https:\/\/www.decus.ee\/wp-content\/uploads\/2021\/09\/decus-clinic-09-1200x800.jpg\" data-fancybox=\"gallery-kontakt\"><img decoding=\"async\" width=\"570\" height=\"570\" src=\"https:\/\/www.decus.ee\/wp-content\/uploads\/fly-images\/4647\/decus-clinic-09-570x570-c.jpg\" class=\"attachment-img-570\" alt=\"decus-clinic-09\" \/><\/a><\/figure><\/div><\/div><\/div><div class=\"swiper-button-prev\"><svg xmlns=\"http:\/\/www.w3.org\/2000\/svg\" width=\"21\" height=\"17.075\" viewBox=\"0 0 21 17.075\"><path d=\"M19.167,7.2H2.542L8.908,1.379A.778.778,0,0,0,8.937.248.858.858,0,0,0,7.758.221L.488,6.869A1.555,1.555,0,0,0,.5,9.145l7.256,6.634a.858.858,0,0,0,1.178-.028.777.777,0,0,0-.029-1.131L2.516,8.8H19.167a.8.8,0,1,0,0-1.6Z\" transform=\"translate(0.5 0.575)\" fill=\"#353535\" stroke=\"rgba(0,0,0,0)\" stroke-width=\"1\"\/><\/svg><\/div><div class=\"swiper-button-next\"><svg xmlns=\"http:\/\/www.w3.org\/2000\/svg\" width=\"21\" height=\"17.075\" viewBox=\"0 0 21 17.075\"><path d=\"M.833,7.2H17.458L11.092,1.379A.778.778,0,0,1,11.063.248.858.858,0,0,1,12.242.221l7.27,6.648A1.555,1.555,0,0,1,19.5,9.145l-7.256,6.634a.858.858,0,0,1-1.178-.028.777.777,0,0,1,.029-1.131L17.484,8.8H.833a.8.8,0,1,1,0-1.6Z\" transform=\"translate(0.5 0.575)\" fill=\"#353535\" stroke=\"rgba(0,0,0,0)\" stroke-width=\"1\"\/><\/svg><\/div><\/div><\/div><\/div><\/div><\/div><div class=\"acf-block-element block-logotxt wp-block-acf-block-logotxt\"><div class=\"d-flex flex-wrap align-items-center justify-content-center text-center\"><img decoding=\"async\" src=\"https:\/\/www.decus.ee\/wp-content\/uploads\/2021\/08\/terviseamet.svg\" class=\"svg-icon\" alt=\"\" \/><p class=\"has-medium-font-size\">\u041a\u043b\u0438\u043d\u0438\u043a\u0430 \u043a\u0440\u0430\u0441\u043e\u0442\u044b Decus \u0438\u043c\u0435\u0435\u0442 \u043b\u0438\u0446\u0435\u043d\u0437\u0438\u044e \u0414\u0435\u043f\u0430\u0440\u0442\u0430\u043c\u0435\u043d\u0442\u0430 \u0437\u0434\u043e\u0440\u043e\u0432\u044c\u044f \u2116 L04089<\/p><\/div><\/div><\/div><span class=\"position-absolute block-decal decal-circle-right decal-lg decal-v-top\"><\/span><\/div><\/div>","protected":false},"excerpt":{"rendered":"","protected":false},"author":19,"featured_media":0,"parent":3307,"menu_order":161,"comment_status":"closed","ping_status":"closed","template":"","meta":{"_acf_changed":false,"footnotes":""},"class_list":["post-3293","page","type-page","status-publish","hentry"],"acf":[],"_links":{"self":[{"href":"https:\/\/www.decus.ee\/ru\/wp-json\/wp\/v2\/pages\/3293","targetHints":{"allow":["GET"]}}],"collection":[{"href":"https:\/\/www.decus.ee\/ru\/wp-json\/wp\/v2\/pages"}],"about":[{"href":"https:\/\/www.decus.ee\/ru\/wp-json\/wp\/v2\/types\/page"}],"author":[{"embeddable":true,"href":"https:\/\/www.decus.ee\/ru\/wp-json\/wp\/v2\/users\/19"}],"replies":[{"embeddable":true,"href":"https:\/\/www.decus.ee\/ru\/wp-json\/wp\/v2\/comments?post=3293"}],"version-history":[{"count":5,"href":"https:\/\/www.decus.ee\/ru\/wp-json\/wp\/v2\/pages\/3293\/revisions"}],"predecessor-version":[{"id":6538,"href":"https:\/\/www.decus.ee\/ru\/wp-json\/wp\/v2\/pages\/3293\/revisions\/6538"}],"up":[{"embeddable":true,"href":"https:\/\/www.decus.ee\/ru\/wp-json\/wp\/v2\/pages\/3307"}],"wp:attachment":[{"href":"https:\/\/www.decus.ee\/ru\/wp-json\/wp\/v2\/media?parent=3293"}],"curies":[{"name":"wp","href":"https:\/\/api.w.org\/{rel}","templated":true}]}}